{"id":15,"date":"2023-10-19T09:35:28","date_gmt":"2023-10-19T09:35:28","guid":{"rendered":"https:\/\/web4.rkinformatika.net\/empleadadehogar\/?page_id=15"},"modified":"2023-11-07T11:50:04","modified_gmt":"2023-11-07T11:50:04","slug":"saber-mas","status":"publish","type":"page","link":"https:\/\/empleadadehogar.net\/eu\/saber-mas\/","title":{"rendered":"Sabermas"},"content":{"rendered":"<div data-elementor-type=\"wp-page\" data-elementor-id=\"15\" class=\"elementor elementor-15\" data-elementor-post-type=\"page\">\n\t\t\t\t\t\t<section class=\"elementor-section elementor-top-section elementor-element elementor-element-6aa6768 elementor-reverse-tablet elementor-reverse-mobile elementor-section-boxed elementor-section-height-default elementor-section-height-default\" data-id=\"6aa6768\" data-element_type=\"section\" data-e-type=\"section\">\n\t\t\t\t\t\t<div class=\"elementor-container elementor-column-gap-default\">\n\t\t\t\t\t<div class=\"elementor-column elementor-col-50 elementor-top-column elementor-element elementor-element-76f5020 elementor-invisible\" data-id=\"76f5020\" data-element_type=\"column\" data-e-type=\"column\" data-settings=\"{&quot;animation&quot;:&quot;zoomIn&quot;}\">\n\t\t\t<div class=\"elementor-widget-wrap elementor-element-populated\">\n\t\t\t\t\t\t<div class=\"elementor-element elementor-element-655e38f elementor-widget elementor-widget-heading\" data-id=\"655e38f\" data-element_type=\"widget\" data-e-type=\"widget\" data-widget_type=\"heading.default\">\n\t\t\t\t<div class=\"elementor-widget-container\">\n\t\t\t\t\t<h6 class=\"elementor-heading-title elementor-size-default\">Preguntas m\u00e1s frecuentes<\/h6>\t\t\t\t<\/div>\n\t\t\t\t<\/div>\n\t\t\t\t<div class=\"elementor-element elementor-element-6e349af elementor-widget__width-initial elementor-widget-tablet__width-initial elementor-widget-mobile__width-initial elementor-widget elementor-widget-heading\" data-id=\"6e349af\" data-element_type=\"widget\" data-e-type=\"widget\" data-widget_type=\"heading.default\">\n\t\t\t\t<div class=\"elementor-widget-container\">\n\t\t\t\t\t<h2 class=\"elementor-heading-title elementor-size-default\">Todo lo que necesitas saber<\/h2>\t\t\t\t<\/div>\n\t\t\t\t<\/div>\n\t\t\t\t<div class=\"elementor-element elementor-element-beef093 elementor-widget elementor-widget-text-editor\" data-id=\"beef093\" data-element_type=\"widget\" data-e-type=\"widget\" data-widget_type=\"text-editor.default\">\n\t\t\t\t<div class=\"elementor-widget-container\">\n\t\t\t\t\t\t\t\t\t<p>A continuaci\u00f3n encontrar\u00e1s preguntas y respuestas a las cuestiones m\u00e1s habituales en relaci\u00f3n con la contrataci\u00f3n de tu empleada o empleado de hogar.<\/p>\t\t\t\t\t\t\t\t<\/div>\n\t\t\t\t<\/div>\n\t\t\t\t<div class=\"elementor-element elementor-element-4da0f68 elementor-widget elementor-widget-toggle\" data-id=\"4da0f68\" data-element_type=\"widget\" data-e-type=\"widget\" data-widget_type=\"toggle.default\">\n\t\t\t\t<div class=\"elementor-widget-container\">\n\t\t\t\t\t\t\t<div class=\"elementor-toggle\">\n\t\t\t\t\t\t\t<div class=\"elementor-toggle-item\">\n\t\t\t\t\t<div id=\"elementor-tab-title-8131\" class=\"elementor-tab-title\" data-tab=\"1\" role=\"button\" aria-controls=\"elementor-tab-content-8131\" aria-expanded=\"false\">\n\t\t\t\t\t\t\t\t\t\t\t\t<span class=\"elementor-toggle-icon elementor-toggle-icon-right\" aria-hidden=\"true\">\n\t\t\t\t\t\t\t\t\t\t\t\t\t\t\t<span class=\"elementor-toggle-icon-closed\"><i class=\"fas fa-caret-down\"><\/i><\/span>\n\t\t\t\t\t\t\t\t<span class=\"elementor-toggle-icon-opened\"><i class=\"elementor-toggle-icon-opened fas fa-caret-up\"><\/i><\/span>\n\t\t\t\t\t\t\t\t\t\t\t\t\t<\/span>\n\t\t\t\t\t\t\t\t\t\t\t\t<a class=\"elementor-toggle-title\" tabindex=\"0\">1. Pregunta<\/a>\n\t\t\t\t\t<\/div>\n\n\t\t\t\t\t<div id=\"elementor-tab-content-8131\" class=\"elementor-tab-content elementor-clearfix\" data-tab=\"1\" role=\"region\" aria-labelledby=\"elementor-tab-title-8131\"><p>Respuesta 1<\/p><\/div>\n\t\t\t\t<\/div>\n\t\t\t\t\t\t\t<div class=\"elementor-toggle-item\">\n\t\t\t\t\t<div id=\"elementor-tab-title-8132\" class=\"elementor-tab-title\" data-tab=\"2\" role=\"button\" aria-controls=\"elementor-tab-content-8132\" aria-expanded=\"false\">\n\t\t\t\t\t\t\t\t\t\t\t\t<span class=\"elementor-toggle-icon elementor-toggle-icon-right\" aria-hidden=\"true\">\n\t\t\t\t\t\t\t\t\t\t\t\t\t\t\t<span class=\"elementor-toggle-icon-closed\"><i class=\"fas fa-caret-down\"><\/i><\/span>\n\t\t\t\t\t\t\t\t<span class=\"elementor-toggle-icon-opened\"><i class=\"elementor-toggle-icon-opened fas fa-caret-up\"><\/i><\/span>\n\t\t\t\t\t\t\t\t\t\t\t\t\t<\/span>\n\t\t\t\t\t\t\t\t\t\t\t\t<a class=\"elementor-toggle-title\" tabindex=\"0\">2. Pregunta<\/a>\n\t\t\t\t\t<\/div>\n\n\t\t\t\t\t<div id=\"elementor-tab-content-8132\" class=\"elementor-tab-content elementor-clearfix\" data-tab=\"2\" role=\"region\" aria-labelledby=\"elementor-tab-title-8132\"><p>Respuesta 2<\/p><\/div>\n\t\t\t\t<\/div>\n\t\t\t\t\t\t\t<div class=\"elementor-toggle-item\">\n\t\t\t\t\t<div id=\"elementor-tab-title-8133\" class=\"elementor-tab-title\" data-tab=\"3\" role=\"button\" aria-controls=\"elementor-tab-content-8133\" aria-expanded=\"false\">\n\t\t\t\t\t\t\t\t\t\t\t\t<span class=\"elementor-toggle-icon elementor-toggle-icon-right\" aria-hidden=\"true\">\n\t\t\t\t\t\t\t\t\t\t\t\t\t\t\t<span class=\"elementor-toggle-icon-closed\"><i class=\"fas fa-caret-down\"><\/i><\/span>\n\t\t\t\t\t\t\t\t<span class=\"elementor-toggle-icon-opened\"><i class=\"elementor-toggle-icon-opened fas fa-caret-up\"><\/i><\/span>\n\t\t\t\t\t\t\t\t\t\t\t\t\t<\/span>\n\t\t\t\t\t\t\t\t\t\t\t\t<a class=\"elementor-toggle-title\" tabindex=\"0\">3. Pregunta<\/a>\n\t\t\t\t\t<\/div>\n\n\t\t\t\t\t<div id=\"elementor-tab-content-8133\" class=\"elementor-tab-content elementor-clearfix\" data-tab=\"3\" role=\"region\" aria-labelledby=\"elementor-tab-title-8133\"><p>Respuesta 3<\/p><\/div>\n\t\t\t\t<\/div>\n\t\t\t\t\t\t\t<div class=\"elementor-toggle-item\">\n\t\t\t\t\t<div id=\"elementor-tab-title-8134\" class=\"elementor-tab-title\" data-tab=\"4\" role=\"button\" aria-controls=\"elementor-tab-content-8134\" aria-expanded=\"false\">\n\t\t\t\t\t\t\t\t\t\t\t\t<span class=\"elementor-toggle-icon elementor-toggle-icon-right\" aria-hidden=\"true\">\n\t\t\t\t\t\t\t\t\t\t\t\t\t\t\t<span class=\"elementor-toggle-icon-closed\"><i class=\"fas fa-caret-down\"><\/i><\/span>\n\t\t\t\t\t\t\t\t<span class=\"elementor-toggle-icon-opened\"><i class=\"elementor-toggle-icon-opened fas fa-caret-up\"><\/i><\/span>\n\t\t\t\t\t\t\t\t\t\t\t\t\t<\/span>\n\t\t\t\t\t\t\t\t\t\t\t\t<a class=\"elementor-toggle-title\" tabindex=\"0\">4. Pregunta<\/a>\n\t\t\t\t\t<\/div>\n\n\t\t\t\t\t<div id=\"elementor-tab-content-8134\" class=\"elementor-tab-content elementor-clearfix\" data-tab=\"4\" role=\"region\" aria-labelledby=\"elementor-tab-title-8134\"><p>Respuesta 4<\/p><\/div>\n\t\t\t\t<\/div>\n\t\t\t\t\t\t\t\t<\/div>\n\t\t\t\t\t\t<\/div>\n\t\t\t\t<\/div>\n\t\t\t\t\t<\/div>\n\t\t<\/div>\n\t\t\t\t<div class=\"elementor-column elementor-col-50 elementor-top-column elementor-element elementor-element-ccf71b2\" data-id=\"ccf71b2\" data-element_type=\"column\" data-e-type=\"column\">\n\t\t\t<div class=\"elementor-widget-wrap elementor-element-populated\">\n\t\t\t\t\t\t<div class=\"elementor-element elementor-element-29222de elementor-widget elementor-widget-image\" data-id=\"29222de\" data-element_type=\"widget\" data-e-type=\"widget\" data-widget_type=\"image.default\">\n\t\t\t\t<div class=\"elementor-widget-container\">\n\t\t\t\t\t\t\t\t\t\t\t\t\t\t\t<img fetchpriority=\"high\" decoding=\"async\" width=\"1080\" height=\"732\" src=\"https:\/\/empleadadehogar.net\/wp-content\/uploads\/2023\/10\/businesswoman-signing-contract-document-at-office.jpg\" class=\"attachment-full size-full wp-image-301\" alt=\"\" srcset=\"https:\/\/empleadadehogar.net\/wp-content\/uploads\/2023\/10\/businesswoman-signing-contract-document-at-office.jpg 1080w, https:\/\/empleadadehogar.net\/wp-content\/uploads\/2023\/10\/businesswoman-signing-contract-document-at-office-300x203.jpg 300w, https:\/\/empleadadehogar.net\/wp-content\/uploads\/2023\/10\/businesswoman-signing-contract-document-at-office-1024x694.jpg 1024w, https:\/\/empleadadehogar.net\/wp-content\/uploads\/2023\/10\/businesswoman-signing-contract-document-at-office-768x521.jpg 768w, https:\/\/empleadadehogar.net\/wp-content\/uploads\/2023\/10\/businesswoman-signing-contract-document-at-office-18x12.jpg 18w, https:\/\/empleadadehogar.net\/wp-content\/uploads\/2023\/10\/businesswoman-signing-contract-document-at-office-600x407.jpg 600w\" sizes=\"(max-width: 1080px) 100vw, 1080px\" \/>\t\t\t\t\t\t\t\t\t\t\t\t\t\t\t<\/div>\n\t\t\t\t<\/div>\n\t\t\t\t\t<\/div>\n\t\t<\/div>\n\t\t\t\t\t<\/div>\n\t\t<\/section>\n\t\t\t\t<section class=\"elementor-section elementor-top-section elementor-element elementor-element-2316ade elementor-section-boxed elementor-section-height-default elementor-section-height-default\" data-id=\"2316ade\" data-element_type=\"section\" data-e-type=\"section\">\n\t\t\t\t\t\t<div class=\"elementor-container elementor-column-gap-no\">\n\t\t\t\t\t<div class=\"elementor-column elementor-col-100 elementor-top-column elementor-element elementor-element-84e2e3c\" data-id=\"84e2e3c\" data-element_type=\"column\" data-e-type=\"column\">\n\t\t\t<div class=\"elementor-widget-wrap elementor-element-populated\">\n\t\t\t\t\t\t<div class=\"elementor-element elementor-element-40e8e7c elementor-widget elementor-widget-spacer\" data-id=\"40e8e7c\" data-element_type=\"widget\" data-e-type=\"widget\" data-widget_type=\"spacer.default\">\n\t\t\t\t<div class=\"elementor-widget-container\">\n\t\t\t\t\t\t\t<div class=\"elementor-spacer\">\n\t\t\t<div class=\"elementor-spacer-inner\"><\/div>\n\t\t<\/div>\n\t\t\t\t\t\t<\/div>\n\t\t\t\t<\/div>\n\t\t\t\t<div class=\"elementor-element elementor-element-cc62981 elementor-widget elementor-widget-heading\" data-id=\"cc62981\" data-element_type=\"widget\" data-e-type=\"widget\" data-widget_type=\"heading.default\">\n\t\t\t\t<div class=\"elementor-widget-container\">\n\t\t\t\t\t<h2 class=\"elementor-heading-title elementor-size-default\">\u00bfQue quieres hacer?<\/h2>\t\t\t\t<\/div>\n\t\t\t\t<\/div>\n\t\t\t\t<div class=\"elementor-element elementor-element-db68c4a elementor-widget-divider--view-line_icon elementor-view-default elementor-widget-divider--element-align-center elementor-widget elementor-widget-divider\" data-id=\"db68c4a\" data-element_type=\"widget\" data-e-type=\"widget\" data-widget_type=\"divider.default\">\n\t\t\t\t<div class=\"elementor-widget-container\">\n\t\t\t\t\t\t\t<div class=\"elementor-divider\">\n\t\t\t<span class=\"elementor-divider-separator\">\n\t\t\t\t\t\t\t<div class=\"elementor-icon elementor-divider__element\">\n\t\t\t\t\t<i aria-hidden=\"true\" class=\"icon icon-justice-1\"><\/i><\/div>\n\t\t\t\t\t\t<\/span>\n\t\t<\/div>\n\t\t\t\t\t\t<\/div>\n\t\t\t\t<\/div>\n\t\t\t\t<div class=\"elementor-element elementor-element-c0fe8fa elementor-widget elementor-widget-spacer\" data-id=\"c0fe8fa\" data-element_type=\"widget\" data-e-type=\"widget\" data-widget_type=\"spacer.default\">\n\t\t\t\t<div class=\"elementor-widget-container\">\n\t\t\t\t\t\t\t<div class=\"elementor-spacer\">\n\t\t\t<div class=\"elementor-spacer-inner\"><\/div>\n\t\t<\/div>\n\t\t\t\t\t\t<\/div>\n\t\t\t\t<\/div>\n\t\t\t\t<section class=\"elementor-section elementor-inner-section elementor-element elementor-element-28f0cc6 elementor-section-boxed elementor-section-height-default elementor-section-height-default\" data-id=\"28f0cc6\" data-element_type=\"section\" data-e-type=\"section\">\n\t\t\t\t\t\t<div class=\"elementor-container elementor-column-gap-default\">\n\t\t\t\t\t<div class=\"elementor-column elementor-col-50 elementor-inner-column elementor-element elementor-element-c0941b1\" data-id=\"c0941b1\" data-element_type=\"column\" data-e-type=\"column\">\n\t\t\t<div class=\"elementor-widget-wrap elementor-element-populated\">\n\t\t\t\t\t\t<div class=\"elementor-element elementor-element-c66d603 ekit-equal-height-enable elementor-widget elementor-widget-elementskit-icon-box\" data-id=\"c66d603\" data-element_type=\"widget\" data-e-type=\"widget\" data-widget_type=\"elementskit-icon-box.default\">\n\t\t\t\t<div class=\"elementor-widget-container\">\n\t\t\t\t\t<div class=\"ekit-wid-con\" >        <!-- link opening -->\n                <!-- end link opening -->\n\n        <div class=\"elementskit-infobox text-left text-left icon-top-align elementor-animation-\">\n                    <div class=\"elementskit-box-header elementor-animation-\">\n                <div class=\"elementskit-info-box-icon\">\n                    <i aria-hidden=\"true\" class=\"elementkit-infobox-icon icon icon-question-circle\"><\/i>\n                <\/div>\n          <\/div>\n                        <div class=\"box-body\">\n                            <h3 class=\"elementskit-info-box-title\">\n                    Consulta personal                <\/h3>\n                        \t\t  \t<p>Si necesitas una respuesta m\u00e1s espec\u00edfica a tu caso, puedes rellenar este formulario y uno de nuestros abogados te dar\u00e1 una informaci\u00f3n concreta en un m\u00e1ximo de 2 d\u00edas.<\/p>\n                                        <div class=\"box-footer disable_hover_button\">\n                    <div class=\"btn-wraper\">\n                                                            <a class=\"elementskit-btn whitespace--normal\" href=\"https:\/\/empleadadehogar.net\/eu\/consulta\/\">\n                                        Clic                                        <i aria-hidden=\"true\" class=\"icon icon-arrow-right\"><\/i>                                    <\/a>\n                                                        <\/div>\n                <\/div>\n                    <\/div>\n        \n        \n                <\/div>\n        <\/div>\t\t\t\t<\/div>\n\t\t\t\t<\/div>\n\t\t\t\t\t<\/div>\n\t\t<\/div>\n\t\t\t\t<div class=\"elementor-column elementor-col-50 elementor-inner-column elementor-element elementor-element-91e4292\" data-id=\"91e4292\" data-element_type=\"column\" data-e-type=\"column\">\n\t\t\t<div class=\"elementor-widget-wrap elementor-element-populated\">\n\t\t\t\t\t\t<div class=\"elementor-element elementor-element-c8c1796 ekit-equal-height-enable elementor-widget elementor-widget-elementskit-icon-box\" data-id=\"c8c1796\" data-element_type=\"widget\" data-e-type=\"widget\" data-widget_type=\"elementskit-icon-box.default\">\n\t\t\t\t<div class=\"elementor-widget-container\">\n\t\t\t\t\t<div class=\"ekit-wid-con\" >        <!-- link opening -->\n                <!-- end link opening -->\n\n        <div class=\"elementskit-infobox text-left text-left icon-top-align elementor-animation-\">\n                    <div class=\"elementskit-box-header elementor-animation-\">\n                <div class=\"elementskit-info-box-icon\">\n                    <i aria-hidden=\"true\" class=\"elementkit-infobox-icon icon icon-service\"><\/i>\n                <\/div>\n          <\/div>\n                        <div class=\"box-body\">\n                            <h3 class=\"elementskit-info-box-title\">\n                    Tr\u00e1mite                <\/h3>\n                        \t\t  \t<p>Iniciar tu tr\u00e1mite para dar de alta, baja o gestionar el contrato.<\/p>\n                                        <div class=\"box-footer disable_hover_button\">\n                    <div class=\"btn-wraper\">\n                                                            <a class=\"elementskit-btn whitespace--normal\" href=\"https:\/\/empleadadehogar.net\/eu\/tramite\/\">\n                                        Clic                                        <i aria-hidden=\"true\" class=\"icon icon-arrow-right\"><\/i>                                    <\/a>\n                                                        <\/div>\n                <\/div>\n                    <\/div>\n        \n        \n                <\/div>\n        <\/div>\t\t\t\t<\/div>\n\t\t\t\t<\/div>\n\t\t\t\t\t<\/div>\n\t\t<\/div>\n\t\t\t\t\t<\/div>\n\t\t<\/section>\n\t\t\t\t\t<\/div>\n\t\t<\/div>\n\t\t\t\t\t<\/div>\n\t\t<\/section>\n\t\t\t\t<\/div>","protected":false},"excerpt":{"rendered":"<p>Preguntas m\u00e1s frecuentes Todo lo que necesitas saber A continuaci\u00f3n encontrar\u00e1s preguntas y respuestas a las cuestiones m\u00e1s habituales en relaci\u00f3n con la contrataci\u00f3n de tu empleada o empleado de hogar. 1. Pregunta Respuesta 1 2. Pregunta Respuesta 2 3. Pregunta Respuesta 3 4. Pregunta Respuesta 4 \u00bfQue quieres hacer? Consulta personal Si necesitas una [&hellip;]<\/p>\n","protected":false},"author":1,"featured_media":0,"parent":0,"menu_order":0,"comment_status":"closed","ping_status":"closed","template":"elementor_canvas","meta":{"footnotes":""},"class_list":["post-15","page","type-page","status-publish","hentry"],"yoast_head":"<!-- This site is optimized with the Yoast SEO plugin v27.5 - https:\/\/yoast.com\/product\/yoast-seo-wordpress\/ -->\n<title>Sabermas - Empleada de Hogar<\/title>\n<meta name=\"robots\" content=\"index, follow, max-snippet:-1, max-image-preview:large, max-video-preview:-1\" \/>\n<link rel=\"canonical\" href=\"https:\/\/empleadadehogar.net\/eu\/saber-mas\/\" \/>\n<meta property=\"og:locale\" content=\"en_US\" \/>\n<meta property=\"og:type\" content=\"article\" \/>\n<meta property=\"og:title\" content=\"Sabermas - Empleada de Hogar\" \/>\n<meta property=\"og:description\" content=\"Preguntas m\u00e1s frecuentes Todo lo que necesitas saber A continuaci\u00f3n encontrar\u00e1s preguntas y respuestas a las cuestiones m\u00e1s habituales en relaci\u00f3n con la contrataci\u00f3n de tu empleada o empleado de hogar. 1. Pregunta Respuesta 1 2. Pregunta Respuesta 2 3. Pregunta Respuesta 3 4. Pregunta Respuesta 4 \u00bfQue quieres hacer? Consulta personal Si necesitas una [&hellip;]\" \/>\n<meta property=\"og:url\" content=\"https:\/\/empleadadehogar.net\/eu\/saber-mas\/\" \/>\n<meta property=\"og:site_name\" content=\"Empleada de Hogar\" \/>\n<meta property=\"article:modified_time\" content=\"2023-11-07T11:50:04+00:00\" \/>\n<meta property=\"og:image\" content=\"https:\/\/empleadadehogar.net\/wp-content\/uploads\/2023\/10\/businesswoman-signing-contract-document-at-office.jpg\" \/>\n<meta name=\"twitter:card\" content=\"summary_large_image\" \/>\n<meta name=\"twitter:label1\" content=\"Est. reading time\" \/>\n\t<meta name=\"twitter:data1\" content=\"1 minutua\" \/>\n<script type=\"application\/ld+json\" class=\"yoast-schema-graph\">{\"@context\":\"https:\\\/\\\/schema.org\",\"@graph\":[{\"@type\":\"WebPage\",\"@id\":\"https:\\\/\\\/empleadadehogar.net\\\/saber-mas\\\/\",\"url\":\"https:\\\/\\\/empleadadehogar.net\\\/saber-mas\\\/\",\"name\":\"Sabermas - Empleada de Hogar\",\"isPartOf\":{\"@id\":\"https:\\\/\\\/empleadadehogar.net\\\/#website\"},\"primaryImageOfPage\":{\"@id\":\"https:\\\/\\\/empleadadehogar.net\\\/saber-mas\\\/#primaryimage\"},\"image\":{\"@id\":\"https:\\\/\\\/empleadadehogar.net\\\/saber-mas\\\/#primaryimage\"},\"thumbnailUrl\":\"https:\\\/\\\/empleadadehogar.net\\\/wp-content\\\/uploads\\\/2023\\\/10\\\/businesswoman-signing-contract-document-at-office.jpg\",\"datePublished\":\"2023-10-19T09:35:28+00:00\",\"dateModified\":\"2023-11-07T11:50:04+00:00\",\"breadcrumb\":{\"@id\":\"https:\\\/\\\/empleadadehogar.net\\\/saber-mas\\\/#breadcrumb\"},\"inLanguage\":\"eu\",\"potentialAction\":[{\"@type\":\"ReadAction\",\"target\":[\"https:\\\/\\\/empleadadehogar.net\\\/saber-mas\\\/\"]}]},{\"@type\":\"ImageObject\",\"inLanguage\":\"eu\",\"@id\":\"https:\\\/\\\/empleadadehogar.net\\\/saber-mas\\\/#primaryimage\",\"url\":\"https:\\\/\\\/empleadadehogar.net\\\/wp-content\\\/uploads\\\/2023\\\/10\\\/businesswoman-signing-contract-document-at-office.jpg\",\"contentUrl\":\"https:\\\/\\\/empleadadehogar.net\\\/wp-content\\\/uploads\\\/2023\\\/10\\\/businesswoman-signing-contract-document-at-office.jpg\"},{\"@type\":\"BreadcrumbList\",\"@id\":\"https:\\\/\\\/empleadadehogar.net\\\/saber-mas\\\/#breadcrumb\",\"itemListElement\":[{\"@type\":\"ListItem\",\"position\":1,\"name\":\"Portada\",\"item\":\"https:\\\/\\\/empleadadehogar.net\\\/\"},{\"@type\":\"ListItem\",\"position\":2,\"name\":\"Sabermas\"}]},{\"@type\":\"WebSite\",\"@id\":\"https:\\\/\\\/empleadadehogar.net\\\/#website\",\"url\":\"https:\\\/\\\/empleadadehogar.net\\\/\",\"name\":\"Empleada de Hogar\",\"description\":\"Empleada de Hogar\",\"publisher\":{\"@id\":\"https:\\\/\\\/empleadadehogar.net\\\/#organization\"},\"potentialAction\":[{\"@type\":\"SearchAction\",\"target\":{\"@type\":\"EntryPoint\",\"urlTemplate\":\"https:\\\/\\\/empleadadehogar.net\\\/?s={search_term_string}\"},\"query-input\":{\"@type\":\"PropertyValueSpecification\",\"valueRequired\":true,\"valueName\":\"search_term_string\"}}],\"inLanguage\":\"eu\"},{\"@type\":\"Organization\",\"@id\":\"https:\\\/\\\/empleadadehogar.net\\\/#organization\",\"name\":\"Empleada de Hogar\",\"url\":\"https:\\\/\\\/empleadadehogar.net\\\/\",\"logo\":{\"@type\":\"ImageObject\",\"inLanguage\":\"eu\",\"@id\":\"https:\\\/\\\/empleadadehogar.net\\\/#\\\/schema\\\/logo\\\/image\\\/\",\"url\":\"https:\\\/\\\/empleadadehogar.net\\\/wp-content\\\/uploads\\\/2023\\\/10\\\/cropped-logo1.png\",\"contentUrl\":\"https:\\\/\\\/empleadadehogar.net\\\/wp-content\\\/uploads\\\/2023\\\/10\\\/cropped-logo1.png\",\"width\":590,\"height\":226,\"caption\":\"Empleada de Hogar\"},\"image\":{\"@id\":\"https:\\\/\\\/empleadadehogar.net\\\/#\\\/schema\\\/logo\\\/image\\\/\"}}]}<\/script>\n<!-- \/ Yoast SEO plugin. -->","yoast_head_json":{"title":"Sabermas - Empleada de Hogar","robots":{"index":"index","follow":"follow","max-snippet":"max-snippet:-1","max-image-preview":"max-image-preview:large","max-video-preview":"max-video-preview:-1"},"canonical":"https:\/\/empleadadehogar.net\/eu\/saber-mas\/","og_locale":"en_US","og_type":"article","og_title":"Sabermas - Empleada de Hogar","og_description":"Preguntas m\u00e1s frecuentes Todo lo que necesitas saber A continuaci\u00f3n encontrar\u00e1s preguntas y respuestas a las cuestiones m\u00e1s habituales en relaci\u00f3n con la contrataci\u00f3n de tu empleada o empleado de hogar. 1. Pregunta Respuesta 1 2. Pregunta Respuesta 2 3. Pregunta Respuesta 3 4. Pregunta Respuesta 4 \u00bfQue quieres hacer? Consulta personal Si necesitas una [&hellip;]","og_url":"https:\/\/empleadadehogar.net\/eu\/saber-mas\/","og_site_name":"Empleada de Hogar","article_modified_time":"2023-11-07T11:50:04+00:00","og_image":[{"url":"https:\/\/empleadadehogar.net\/wp-content\/uploads\/2023\/10\/businesswoman-signing-contract-document-at-office.jpg","type":"","width":"","height":""}],"twitter_card":"summary_large_image","twitter_misc":{"Est. reading time":"1 minutua"},"schema":{"@context":"https:\/\/schema.org","@graph":[{"@type":"WebPage","@id":"https:\/\/empleadadehogar.net\/saber-mas\/","url":"https:\/\/empleadadehogar.net\/saber-mas\/","name":"Sabermas - Empleada de Hogar","isPartOf":{"@id":"https:\/\/empleadadehogar.net\/#website"},"primaryImageOfPage":{"@id":"https:\/\/empleadadehogar.net\/saber-mas\/#primaryimage"},"image":{"@id":"https:\/\/empleadadehogar.net\/saber-mas\/#primaryimage"},"thumbnailUrl":"https:\/\/empleadadehogar.net\/wp-content\/uploads\/2023\/10\/businesswoman-signing-contract-document-at-office.jpg","datePublished":"2023-10-19T09:35:28+00:00","dateModified":"2023-11-07T11:50:04+00:00","breadcrumb":{"@id":"https:\/\/empleadadehogar.net\/saber-mas\/#breadcrumb"},"inLanguage":"eu","potentialAction":[{"@type":"ReadAction","target":["https:\/\/empleadadehogar.net\/saber-mas\/"]}]},{"@type":"ImageObject","inLanguage":"eu","@id":"https:\/\/empleadadehogar.net\/saber-mas\/#primaryimage","url":"https:\/\/empleadadehogar.net\/wp-content\/uploads\/2023\/10\/businesswoman-signing-contract-document-at-office.jpg","contentUrl":"https:\/\/empleadadehogar.net\/wp-content\/uploads\/2023\/10\/businesswoman-signing-contract-document-at-office.jpg"},{"@type":"BreadcrumbList","@id":"https:\/\/empleadadehogar.net\/saber-mas\/#breadcrumb","itemListElement":[{"@type":"ListItem","position":1,"name":"Portada","item":"https:\/\/empleadadehogar.net\/"},{"@type":"ListItem","position":2,"name":"Sabermas"}]},{"@type":"WebSite","@id":"https:\/\/empleadadehogar.net\/#website","url":"https:\/\/empleadadehogar.net\/","name":"Empleada de Hogar","description":"Empleada de Hogar","publisher":{"@id":"https:\/\/empleadadehogar.net\/#organization"},"potentialAction":[{"@type":"SearchAction","target":{"@type":"EntryPoint","urlTemplate":"https:\/\/empleadadehogar.net\/?s={search_term_string}"},"query-input":{"@type":"PropertyValueSpecification","valueRequired":true,"valueName":"search_term_string"}}],"inLanguage":"eu"},{"@type":"Organization","@id":"https:\/\/empleadadehogar.net\/#organization","name":"Empleada de Hogar","url":"https:\/\/empleadadehogar.net\/","logo":{"@type":"ImageObject","inLanguage":"eu","@id":"https:\/\/empleadadehogar.net\/#\/schema\/logo\/image\/","url":"https:\/\/empleadadehogar.net\/wp-content\/uploads\/2023\/10\/cropped-logo1.png","contentUrl":"https:\/\/empleadadehogar.net\/wp-content\/uploads\/2023\/10\/cropped-logo1.png","width":590,"height":226,"caption":"Empleada de Hogar"},"image":{"@id":"https:\/\/empleadadehogar.net\/#\/schema\/logo\/image\/"}}]}},"jetpack_sharing_enabled":true,"_links":{"self":[{"href":"https:\/\/empleadadehogar.net\/eu\/wp-json\/wp\/v2\/pages\/15","targetHints":{"allow":["GET"]}}],"collection":[{"href":"https:\/\/empleadadehogar.net\/eu\/wp-json\/wp\/v2\/pages"}],"about":[{"href":"https:\/\/empleadadehogar.net\/eu\/wp-json\/wp\/v2\/types\/page"}],"author":[{"embeddable":true,"href":"https:\/\/empleadadehogar.net\/eu\/wp-json\/wp\/v2\/users\/1"}],"replies":[{"embeddable":true,"href":"https:\/\/empleadadehogar.net\/eu\/wp-json\/wp\/v2\/comments?post=15"}],"version-history":[{"count":76,"href":"https:\/\/empleadadehogar.net\/eu\/wp-json\/wp\/v2\/pages\/15\/revisions"}],"predecessor-version":[{"id":1431,"href":"https:\/\/empleadadehogar.net\/eu\/wp-json\/wp\/v2\/pages\/15\/revisions\/1431"}],"wp:attachment":[{"href":"https:\/\/empleadadehogar.net\/eu\/wp-json\/wp\/v2\/media?parent=15"}],"curies":[{"name":"wp","href":"https:\/\/api.w.org\/{rel}","templated":true}]}}