{"id":16,"date":"2023-10-19T09:36:05","date_gmt":"2023-10-19T09:36:05","guid":{"rendered":"https:\/\/web4.rkinformatika.net\/empleadadehogar\/?page_id=16"},"modified":"2023-11-02T16:56:35","modified_gmt":"2023-11-02T16:56:35","slug":"consulta","status":"publish","type":"page","link":"https:\/\/empleadadehogar.net\/eu\/consulta\/","title":{"rendered":"Consulta"},"content":{"rendered":"<div data-elementor-type=\"wp-page\" data-elementor-id=\"16\" class=\"elementor elementor-16\" data-elementor-post-type=\"page\">\n\t\t\t\t\t\t<section class=\"elementor-section elementor-top-section elementor-element elementor-element-4109249 elementor-reverse-tablet elementor-reverse-mobile elementor-section-boxed elementor-section-height-default elementor-section-height-default\" data-id=\"4109249\" data-element_type=\"section\" data-e-type=\"section\">\n\t\t\t\t\t\t<div class=\"elementor-container elementor-column-gap-default\">\n\t\t\t\t\t<div class=\"elementor-column elementor-col-100 elementor-top-column elementor-element elementor-element-63ecf4b elementor-invisible\" data-id=\"63ecf4b\" data-element_type=\"column\" data-e-type=\"column\" data-settings=\"{&quot;animation&quot;:&quot;zoomIn&quot;}\">\n\t\t\t<div class=\"elementor-widget-wrap elementor-element-populated\">\n\t\t\t\t\t\t<div class=\"elementor-element elementor-element-b866636 elementor-widget__width-initial elementor-widget-tablet__width-initial elementor-widget-mobile__width-initial elementor-widget elementor-widget-heading\" data-id=\"b866636\" data-element_type=\"widget\" data-e-type=\"widget\" data-widget_type=\"heading.default\">\n\t\t\t\t<div class=\"elementor-widget-container\">\n\t\t\t\t\t<h2 class=\"elementor-heading-title elementor-size-default\">Consulta Personal<\/h2>\t\t\t\t<\/div>\n\t\t\t\t<\/div>\n\t\t\t\t<div class=\"elementor-element elementor-element-10e6758 elementor-widget elementor-widget-text-editor\" data-id=\"10e6758\" data-element_type=\"widget\" data-e-type=\"widget\" data-widget_type=\"text-editor.default\">\n\t\t\t\t<div class=\"elementor-widget-container\">\n\t\t\t\t\t\t\t\t\t<p class=\"western\">Cumplimenta el siguiente formulario y en m\u00e1ximo dos d\u00edas laborables contestaremos por email o por tel\u00e9fono (seg\u00fan tu elecci\u00f3n) a tu consulta.<\/p>\n<p>Si eliges hacer la consulta por email, sobre nuestra respuesta puedes hacernos una nueva petici\u00f3n de aclaraci\u00f3n sin coste si algo no te ha quedado claro.<\/p>\n<p>Si tu pregunta no est\u00e1 relacionada con el tema o no podemos resolverla, te devolvemos el dinero.<\/p>\t\t\t\t\t\t\t\t<\/div>\n\t\t\t\t<\/div>\n\t\t\t\t<div class=\"elementor-element elementor-element-c4ad4ac elementor-widget elementor-widget-text-editor\" data-id=\"c4ad4ac\" data-element_type=\"widget\" data-e-type=\"widget\" data-widget_type=\"text-editor.default\">\n\t\t\t\t<div class=\"elementor-widget-container\">\n\t\t\t\t\t\t\t\t\t<p>Procedemos a la Consulta y Env\u00edo de Pago<\/p>\t\t\t\t\t\t\t\t<\/div>\n\t\t\t\t<\/div>\n\t\t\t\t\t<\/div>\n\t\t<\/div>\n\t\t\t\t\t<\/div>\n\t\t<\/section>\n\t\t<div class=\"elementor-element elementor-element-5966ca3 e-flex e-con-boxed e-con e-parent\" data-id=\"5966ca3\" data-element_type=\"container\" data-e-type=\"container\">\n\t\t\t\t\t<div class=\"e-con-inner\">\n\t\t<div class=\"elementor-element elementor-element-4ca9f3c e-con-full e-flex e-con e-child\" data-id=\"4ca9f3c\" data-element_type=\"container\" data-e-type=\"container\">\n\t\t\t\t<div class=\"elementor-element elementor-element-07aeabd elementor-align-center elementor-button-info elementor-widget__width-initial elementor-widget elementor-widget-button\" data-id=\"07aeabd\" data-element_type=\"widget\" data-e-type=\"widget\" data-widget_type=\"button.default\">\n\t\t\t\t<div class=\"elementor-widget-container\">\n\t\t\t\t\t\t\t\t\t<div class=\"elementor-button-wrapper\">\n\t\t\t\t\t<a class=\"elementor-button elementor-button-link elementor-size-xl elementor-animation-float\" href=\"https:\/\/empleadadehogar.net\/eu\/Finalizar%20compra\/?add-to-cart=24\">\n\t\t\t\t\t\t<span class=\"elementor-button-content-wrapper\">\n\t\t\t\t\t\t<span class=\"elementor-button-icon\">\n\t\t\t\t<i aria-hidden=\"true\" class=\"icon icon-money-bag\"><\/i>\t\t\t<\/span>\n\t\t\t\t\t\t\t\t\t<span class=\"elementor-button-text\">Por EMAIL 25\u20ac<\/span>\n\t\t\t\t\t<\/span>\n\t\t\t\t\t<\/a>\n\t\t\t\t<\/div>\n\t\t\t\t\t\t\t\t<\/div>\n\t\t\t\t<\/div>\n\t\t\t\t<\/div>\n\t\t<div class=\"elementor-element elementor-element-5d78bc9 e-con-full e-flex e-con e-child\" data-id=\"5d78bc9\" data-element_type=\"container\" data-e-type=\"container\">\n\t\t\t\t<div class=\"elementor-element elementor-element-44a48c0 elementor-align-center elementor-button-info elementor-widget elementor-widget-button\" data-id=\"44a48c0\" data-element_type=\"widget\" data-e-type=\"widget\" data-widget_type=\"button.default\">\n\t\t\t\t<div class=\"elementor-widget-container\">\n\t\t\t\t\t\t\t\t\t<div class=\"elementor-button-wrapper\">\n\t\t\t\t\t<a class=\"elementor-button elementor-button-link elementor-size-xl elementor-animation-float\" href=\"https:\/\/empleadadehogar.net\/eu\/Finalizar%20compra\/?add-to-cart=25\">\n\t\t\t\t\t\t<span class=\"elementor-button-content-wrapper\">\n\t\t\t\t\t\t<span class=\"elementor-button-icon\">\n\t\t\t\t<i aria-hidden=\"true\" class=\"icon icon-money-bag\"><\/i>\t\t\t<\/span>\n\t\t\t\t\t\t\t\t\t<span class=\"elementor-button-text\">Por TELEFONO 50\u20ac<\/span>\n\t\t\t\t\t<\/span>\n\t\t\t\t\t<\/a>\n\t\t\t\t<\/div>\n\t\t\t\t\t\t\t\t<\/div>\n\t\t\t\t<\/div>\n\t\t\t\t<\/div>\n\t\t\t\t\t<\/div>\n\t\t\t\t<\/div>\n\t\t\t\t<\/div>","protected":false},"excerpt":{"rendered":"<p>Consulta Personal Cumplimenta el siguiente formulario y en m\u00e1ximo dos d\u00edas laborables contestaremos por email o por tel\u00e9fono (seg\u00fan tu elecci\u00f3n) a tu consulta. Si eliges hacer la consulta por email, sobre nuestra respuesta puedes hacernos una nueva petici\u00f3n de aclaraci\u00f3n sin coste si algo no te ha quedado claro. Si tu pregunta no est\u00e1 [&hellip;]<\/p>\n","protected":false},"author":1,"featured_media":0,"parent":0,"menu_order":0,"comment_status":"closed","ping_status":"closed","template":"elementor_canvas","meta":{"footnotes":""},"class_list":["post-16","page","type-page","status-publish","hentry"],"yoast_head":"<!-- This site is optimized with the Yoast SEO plugin v27.5 - https:\/\/yoast.com\/product\/yoast-seo-wordpress\/ -->\n<title>Consulta - Empleada de Hogar<\/title>\n<meta name=\"robots\" content=\"index, follow, max-snippet:-1, max-image-preview:large, max-video-preview:-1\" \/>\n<link rel=\"canonical\" href=\"https:\/\/empleadadehogar.net\/eu\/consulta\/\" \/>\n<meta property=\"og:locale\" content=\"en_US\" \/>\n<meta property=\"og:type\" content=\"article\" \/>\n<meta property=\"og:title\" content=\"Consulta - Empleada de Hogar\" \/>\n<meta property=\"og:description\" content=\"Consulta Personal Cumplimenta el siguiente formulario y en m\u00e1ximo dos d\u00edas laborables contestaremos por email o por tel\u00e9fono (seg\u00fan tu elecci\u00f3n) a tu consulta. Si eliges hacer la consulta por email, sobre nuestra respuesta puedes hacernos una nueva petici\u00f3n de aclaraci\u00f3n sin coste si algo no te ha quedado claro. Si tu pregunta no est\u00e1 [&hellip;]\" \/>\n<meta property=\"og:url\" content=\"https:\/\/empleadadehogar.net\/eu\/consulta\/\" \/>\n<meta property=\"og:site_name\" content=\"Empleada de Hogar\" \/>\n<meta property=\"article:modified_time\" content=\"2023-11-02T16:56:35+00:00\" \/>\n<meta name=\"twitter:card\" content=\"summary_large_image\" \/>\n<meta name=\"twitter:label1\" content=\"Est. reading time\" \/>\n\t<meta name=\"twitter:data1\" content=\"1 minutua\" \/>\n<script type=\"application\/ld+json\" class=\"yoast-schema-graph\">{\"@context\":\"https:\\\/\\\/schema.org\",\"@graph\":[{\"@type\":\"WebPage\",\"@id\":\"https:\\\/\\\/empleadadehogar.net\\\/consulta\\\/\",\"url\":\"https:\\\/\\\/empleadadehogar.net\\\/consulta\\\/\",\"name\":\"Consulta - Empleada de Hogar\",\"isPartOf\":{\"@id\":\"https:\\\/\\\/empleadadehogar.net\\\/#website\"},\"datePublished\":\"2023-10-19T09:36:05+00:00\",\"dateModified\":\"2023-11-02T16:56:35+00:00\",\"breadcrumb\":{\"@id\":\"https:\\\/\\\/empleadadehogar.net\\\/consulta\\\/#breadcrumb\"},\"inLanguage\":\"eu\",\"potentialAction\":[{\"@type\":\"ReadAction\",\"target\":[\"https:\\\/\\\/empleadadehogar.net\\\/consulta\\\/\"]}]},{\"@type\":\"BreadcrumbList\",\"@id\":\"https:\\\/\\\/empleadadehogar.net\\\/consulta\\\/#breadcrumb\",\"itemListElement\":[{\"@type\":\"ListItem\",\"position\":1,\"name\":\"Portada\",\"item\":\"https:\\\/\\\/empleadadehogar.net\\\/\"},{\"@type\":\"ListItem\",\"position\":2,\"name\":\"Consulta\"}]},{\"@type\":\"WebSite\",\"@id\":\"https:\\\/\\\/empleadadehogar.net\\\/#website\",\"url\":\"https:\\\/\\\/empleadadehogar.net\\\/\",\"name\":\"Empleada de Hogar\",\"description\":\"Empleada de Hogar\",\"publisher\":{\"@id\":\"https:\\\/\\\/empleadadehogar.net\\\/#organization\"},\"potentialAction\":[{\"@type\":\"SearchAction\",\"target\":{\"@type\":\"EntryPoint\",\"urlTemplate\":\"https:\\\/\\\/empleadadehogar.net\\\/?s={search_term_string}\"},\"query-input\":{\"@type\":\"PropertyValueSpecification\",\"valueRequired\":true,\"valueName\":\"search_term_string\"}}],\"inLanguage\":\"eu\"},{\"@type\":\"Organization\",\"@id\":\"https:\\\/\\\/empleadadehogar.net\\\/#organization\",\"name\":\"Empleada de Hogar\",\"url\":\"https:\\\/\\\/empleadadehogar.net\\\/\",\"logo\":{\"@type\":\"ImageObject\",\"inLanguage\":\"eu\",\"@id\":\"https:\\\/\\\/empleadadehogar.net\\\/#\\\/schema\\\/logo\\\/image\\\/\",\"url\":\"https:\\\/\\\/empleadadehogar.net\\\/wp-content\\\/uploads\\\/2023\\\/10\\\/cropped-logo1.png\",\"contentUrl\":\"https:\\\/\\\/empleadadehogar.net\\\/wp-content\\\/uploads\\\/2023\\\/10\\\/cropped-logo1.png\",\"width\":590,\"height\":226,\"caption\":\"Empleada de Hogar\"},\"image\":{\"@id\":\"https:\\\/\\\/empleadadehogar.net\\\/#\\\/schema\\\/logo\\\/image\\\/\"}}]}<\/script>\n<!-- \/ Yoast SEO plugin. -->","yoast_head_json":{"title":"Consulta - Empleada de Hogar","robots":{"index":"index","follow":"follow","max-snippet":"max-snippet:-1","max-image-preview":"max-image-preview:large","max-video-preview":"max-video-preview:-1"},"canonical":"https:\/\/empleadadehogar.net\/eu\/consulta\/","og_locale":"en_US","og_type":"article","og_title":"Consulta - Empleada de Hogar","og_description":"Consulta Personal Cumplimenta el siguiente formulario y en m\u00e1ximo dos d\u00edas laborables contestaremos por email o por tel\u00e9fono (seg\u00fan tu elecci\u00f3n) a tu consulta. Si eliges hacer la consulta por email, sobre nuestra respuesta puedes hacernos una nueva petici\u00f3n de aclaraci\u00f3n sin coste si algo no te ha quedado claro. Si tu pregunta no est\u00e1 [&hellip;]","og_url":"https:\/\/empleadadehogar.net\/eu\/consulta\/","og_site_name":"Empleada de Hogar","article_modified_time":"2023-11-02T16:56:35+00:00","twitter_card":"summary_large_image","twitter_misc":{"Est. reading time":"1 minutua"},"schema":{"@context":"https:\/\/schema.org","@graph":[{"@type":"WebPage","@id":"https:\/\/empleadadehogar.net\/consulta\/","url":"https:\/\/empleadadehogar.net\/consulta\/","name":"Consulta - Empleada de Hogar","isPartOf":{"@id":"https:\/\/empleadadehogar.net\/#website"},"datePublished":"2023-10-19T09:36:05+00:00","dateModified":"2023-11-02T16:56:35+00:00","breadcrumb":{"@id":"https:\/\/empleadadehogar.net\/consulta\/#breadcrumb"},"inLanguage":"eu","potentialAction":[{"@type":"ReadAction","target":["https:\/\/empleadadehogar.net\/consulta\/"]}]},{"@type":"BreadcrumbList","@id":"https:\/\/empleadadehogar.net\/consulta\/#breadcrumb","itemListElement":[{"@type":"ListItem","position":1,"name":"Portada","item":"https:\/\/empleadadehogar.net\/"},{"@type":"ListItem","position":2,"name":"Consulta"}]},{"@type":"WebSite","@id":"https:\/\/empleadadehogar.net\/#website","url":"https:\/\/empleadadehogar.net\/","name":"Empleada de Hogar","description":"Empleada de Hogar","publisher":{"@id":"https:\/\/empleadadehogar.net\/#organization"},"potentialAction":[{"@type":"SearchAction","target":{"@type":"EntryPoint","urlTemplate":"https:\/\/empleadadehogar.net\/?s={search_term_string}"},"query-input":{"@type":"PropertyValueSpecification","valueRequired":true,"valueName":"search_term_string"}}],"inLanguage":"eu"},{"@type":"Organization","@id":"https:\/\/empleadadehogar.net\/#organization","name":"Empleada de Hogar","url":"https:\/\/empleadadehogar.net\/","logo":{"@type":"ImageObject","inLanguage":"eu","@id":"https:\/\/empleadadehogar.net\/#\/schema\/logo\/image\/","url":"https:\/\/empleadadehogar.net\/wp-content\/uploads\/2023\/10\/cropped-logo1.png","contentUrl":"https:\/\/empleadadehogar.net\/wp-content\/uploads\/2023\/10\/cropped-logo1.png","width":590,"height":226,"caption":"Empleada de Hogar"},"image":{"@id":"https:\/\/empleadadehogar.net\/#\/schema\/logo\/image\/"}}]}},"jetpack_sharing_enabled":true,"_links":{"self":[{"href":"https:\/\/empleadadehogar.net\/eu\/wp-json\/wp\/v2\/pages\/16","targetHints":{"allow":["GET"]}}],"collection":[{"href":"https:\/\/empleadadehogar.net\/eu\/wp-json\/wp\/v2\/pages"}],"about":[{"href":"https:\/\/empleadadehogar.net\/eu\/wp-json\/wp\/v2\/types\/page"}],"author":[{"embeddable":true,"href":"https:\/\/empleadadehogar.net\/eu\/wp-json\/wp\/v2\/users\/1"}],"replies":[{"embeddable":true,"href":"https:\/\/empleadadehogar.net\/eu\/wp-json\/wp\/v2\/comments?post=16"}],"version-history":[{"count":154,"href":"https:\/\/empleadadehogar.net\/eu\/wp-json\/wp\/v2\/pages\/16\/revisions"}],"predecessor-version":[{"id":1315,"href":"https:\/\/empleadadehogar.net\/eu\/wp-json\/wp\/v2\/pages\/16\/revisions\/1315"}],"wp:attachment":[{"href":"https:\/\/empleadadehogar.net\/eu\/wp-json\/wp\/v2\/media?parent=16"}],"curies":[{"name":"wp","href":"https:\/\/api.w.org\/{rel}","templated":true}]}}