{"id":31,"date":"2023-10-19T09:48:37","date_gmt":"2023-10-19T09:48:37","guid":{"rendered":"https:\/\/web4.rkinformatika.net\/empleadadehogar\/?page_id=31"},"modified":"2023-10-23T07:34:41","modified_gmt":"2023-10-23T07:34:41","slug":"politica-de-envio","status":"publish","type":"page","link":"https:\/\/empleadadehogar.net\/eu\/politica-de-envio\/","title":{"rendered":"Pol\u00edtica de Env\u00edo"},"content":{"rendered":"<div data-elementor-type=\"wp-page\" data-elementor-id=\"31\" class=\"elementor elementor-31\" data-elementor-post-type=\"page\">\n\t\t\t\t<div class=\"elementor-element elementor-element-6aa8555c e-flex e-con-boxed e-con e-parent\" data-id=\"6aa8555c\" data-element_type=\"container\" data-e-type=\"container\">\n\t\t\t\t\t<div class=\"e-con-inner\">\n\t\t\t\t<div class=\"elementor-element elementor-element-5a332f2a elementor-widget elementor-widget-text-editor\" data-id=\"5a332f2a\" data-element_type=\"widget\" data-e-type=\"widget\" data-widget_type=\"text-editor.default\">\n\t\t\t\t<div class=\"elementor-widget-container\">\n\t\t\t\t\t\t\t\t\t<p><\/p>\n<p><span style=\"color: inherit; font-family: inherit; font-size: 2rem; text-align: var(--text-align);\">Pol\u00edticas de Env\u00edos<\/span><\/p>\n<p><\/p>\t\t\t\t\t\t\t\t<\/div>\n\t\t\t\t<\/div>\n\t\t\t\t\t<\/div>\n\t\t\t\t<\/div>\n\t\t\t\t<\/div>","protected":false},"excerpt":{"rendered":"<p>Pol\u00edticas de Env\u00edos<\/p>","protected":false},"author":1,"featured_media":0,"parent":0,"menu_order":0,"comment_status":"closed","ping_status":"closed","template":"elementor_canvas","meta":{"footnotes":""},"class_list":["post-31","page","type-page","status-publish","hentry"],"yoast_head":"<!-- This site is optimized with the Yoast SEO plugin v27.5 - https:\/\/yoast.com\/product\/yoast-seo-wordpress\/ -->\n<title>Pol\u00edtica de Env\u00edo - Empleada de Hogar<\/title>\n<meta name=\"robots\" content=\"index, follow, max-snippet:-1, max-image-preview:large, max-video-preview:-1\" \/>\n<link rel=\"canonical\" href=\"https:\/\/empleadadehogar.net\/eu\/politica-de-envio\/\" \/>\n<meta property=\"og:locale\" content=\"en_US\" \/>\n<meta property=\"og:type\" content=\"article\" \/>\n<meta property=\"og:title\" content=\"Pol\u00edtica de Env\u00edo - Empleada de Hogar\" \/>\n<meta property=\"og:description\" content=\"Pol\u00edticas de Env\u00edos\" \/>\n<meta property=\"og:url\" content=\"https:\/\/empleadadehogar.net\/eu\/politica-de-envio\/\" \/>\n<meta property=\"og:site_name\" content=\"Empleada de Hogar\" \/>\n<meta property=\"article:modified_time\" content=\"2023-10-23T07:34:41+00:00\" \/>\n<meta name=\"twitter:card\" content=\"summary_large_image\" \/>\n<meta name=\"twitter:label1\" content=\"Est. reading time\" \/>\n\t<meta name=\"twitter:data1\" content=\"1 minutua\" \/>\n<script type=\"application\/ld+json\" class=\"yoast-schema-graph\">{\"@context\":\"https:\\\/\\\/schema.org\",\"@graph\":[{\"@type\":\"WebPage\",\"@id\":\"https:\\\/\\\/empleadadehogar.net\\\/politica-de-envio\\\/\",\"url\":\"https:\\\/\\\/empleadadehogar.net\\\/politica-de-envio\\\/\",\"name\":\"Pol\u00edtica de Env\u00edo - Empleada de Hogar\",\"isPartOf\":{\"@id\":\"https:\\\/\\\/empleadadehogar.net\\\/#website\"},\"datePublished\":\"2023-10-19T09:48:37+00:00\",\"dateModified\":\"2023-10-23T07:34:41+00:00\",\"breadcrumb\":{\"@id\":\"https:\\\/\\\/empleadadehogar.net\\\/politica-de-envio\\\/#breadcrumb\"},\"inLanguage\":\"eu\",\"potentialAction\":[{\"@type\":\"ReadAction\",\"target\":[\"https:\\\/\\\/empleadadehogar.net\\\/politica-de-envio\\\/\"]}]},{\"@type\":\"BreadcrumbList\",\"@id\":\"https:\\\/\\\/empleadadehogar.net\\\/politica-de-envio\\\/#breadcrumb\",\"itemListElement\":[{\"@type\":\"ListItem\",\"position\":1,\"name\":\"Portada\",\"item\":\"https:\\\/\\\/empleadadehogar.net\\\/\"},{\"@type\":\"ListItem\",\"position\":2,\"name\":\"Pol\u00edtica de Env\u00edo\"}]},{\"@type\":\"WebSite\",\"@id\":\"https:\\\/\\\/empleadadehogar.net\\\/#website\",\"url\":\"https:\\\/\\\/empleadadehogar.net\\\/\",\"name\":\"Empleada de Hogar\",\"description\":\"Empleada de Hogar\",\"publisher\":{\"@id\":\"https:\\\/\\\/empleadadehogar.net\\\/#organization\"},\"potentialAction\":[{\"@type\":\"SearchAction\",\"target\":{\"@type\":\"EntryPoint\",\"urlTemplate\":\"https:\\\/\\\/empleadadehogar.net\\\/?s={search_term_string}\"},\"query-input\":{\"@type\":\"PropertyValueSpecification\",\"valueRequired\":true,\"valueName\":\"search_term_string\"}}],\"inLanguage\":\"eu\"},{\"@type\":\"Organization\",\"@id\":\"https:\\\/\\\/empleadadehogar.net\\\/#organization\",\"name\":\"Empleada de Hogar\",\"url\":\"https:\\\/\\\/empleadadehogar.net\\\/\",\"logo\":{\"@type\":\"ImageObject\",\"inLanguage\":\"eu\",\"@id\":\"https:\\\/\\\/empleadadehogar.net\\\/#\\\/schema\\\/logo\\\/image\\\/\",\"url\":\"https:\\\/\\\/empleadadehogar.net\\\/wp-content\\\/uploads\\\/2023\\\/10\\\/cropped-logo1.png\",\"contentUrl\":\"https:\\\/\\\/empleadadehogar.net\\\/wp-content\\\/uploads\\\/2023\\\/10\\\/cropped-logo1.png\",\"width\":590,\"height\":226,\"caption\":\"Empleada de Hogar\"},\"image\":{\"@id\":\"https:\\\/\\\/empleadadehogar.net\\\/#\\\/schema\\\/logo\\\/image\\\/\"}}]}<\/script>\n<!-- \/ Yoast SEO plugin. -->","yoast_head_json":{"title":"Pol\u00edtica de Env\u00edo - Empleada de Hogar","robots":{"index":"index","follow":"follow","max-snippet":"max-snippet:-1","max-image-preview":"max-image-preview:large","max-video-preview":"max-video-preview:-1"},"canonical":"https:\/\/empleadadehogar.net\/eu\/politica-de-envio\/","og_locale":"en_US","og_type":"article","og_title":"Pol\u00edtica de Env\u00edo - Empleada de Hogar","og_description":"Pol\u00edticas de Env\u00edos","og_url":"https:\/\/empleadadehogar.net\/eu\/politica-de-envio\/","og_site_name":"Empleada de Hogar","article_modified_time":"2023-10-23T07:34:41+00:00","twitter_card":"summary_large_image","twitter_misc":{"Est. reading time":"1 minutua"},"schema":{"@context":"https:\/\/schema.org","@graph":[{"@type":"WebPage","@id":"https:\/\/empleadadehogar.net\/politica-de-envio\/","url":"https:\/\/empleadadehogar.net\/politica-de-envio\/","name":"Pol\u00edtica de Env\u00edo - Empleada de Hogar","isPartOf":{"@id":"https:\/\/empleadadehogar.net\/#website"},"datePublished":"2023-10-19T09:48:37+00:00","dateModified":"2023-10-23T07:34:41+00:00","breadcrumb":{"@id":"https:\/\/empleadadehogar.net\/politica-de-envio\/#breadcrumb"},"inLanguage":"eu","potentialAction":[{"@type":"ReadAction","target":["https:\/\/empleadadehogar.net\/politica-de-envio\/"]}]},{"@type":"BreadcrumbList","@id":"https:\/\/empleadadehogar.net\/politica-de-envio\/#breadcrumb","itemListElement":[{"@type":"ListItem","position":1,"name":"Portada","item":"https:\/\/empleadadehogar.net\/"},{"@type":"ListItem","position":2,"name":"Pol\u00edtica de Env\u00edo"}]},{"@type":"WebSite","@id":"https:\/\/empleadadehogar.net\/#website","url":"https:\/\/empleadadehogar.net\/","name":"Empleada de Hogar","description":"Empleada de Hogar","publisher":{"@id":"https:\/\/empleadadehogar.net\/#organization"},"potentialAction":[{"@type":"SearchAction","target":{"@type":"EntryPoint","urlTemplate":"https:\/\/empleadadehogar.net\/?s={search_term_string}"},"query-input":{"@type":"PropertyValueSpecification","valueRequired":true,"valueName":"search_term_string"}}],"inLanguage":"eu"},{"@type":"Organization","@id":"https:\/\/empleadadehogar.net\/#organization","name":"Empleada de Hogar","url":"https:\/\/empleadadehogar.net\/","logo":{"@type":"ImageObject","inLanguage":"eu","@id":"https:\/\/empleadadehogar.net\/#\/schema\/logo\/image\/","url":"https:\/\/empleadadehogar.net\/wp-content\/uploads\/2023\/10\/cropped-logo1.png","contentUrl":"https:\/\/empleadadehogar.net\/wp-content\/uploads\/2023\/10\/cropped-logo1.png","width":590,"height":226,"caption":"Empleada de Hogar"},"image":{"@id":"https:\/\/empleadadehogar.net\/#\/schema\/logo\/image\/"}}]}},"jetpack_sharing_enabled":true,"_links":{"self":[{"href":"https:\/\/empleadadehogar.net\/eu\/wp-json\/wp\/v2\/pages\/31","targetHints":{"allow":["GET"]}}],"collection":[{"href":"https:\/\/empleadadehogar.net\/eu\/wp-json\/wp\/v2\/pages"}],"about":[{"href":"https:\/\/empleadadehogar.net\/eu\/wp-json\/wp\/v2\/types\/page"}],"author":[{"embeddable":true,"href":"https:\/\/empleadadehogar.net\/eu\/wp-json\/wp\/v2\/users\/1"}],"replies":[{"embeddable":true,"href":"https:\/\/empleadadehogar.net\/eu\/wp-json\/wp\/v2\/comments?post=31"}],"version-history":[{"count":10,"href":"https:\/\/empleadadehogar.net\/eu\/wp-json\/wp\/v2\/pages\/31\/revisions"}],"predecessor-version":[{"id":1080,"href":"https:\/\/empleadadehogar.net\/eu\/wp-json\/wp\/v2\/pages\/31\/revisions\/1080"}],"wp:attachment":[{"href":"https:\/\/empleadadehogar.net\/eu\/wp-json\/wp\/v2\/media?parent=31"}],"curies":[{"name":"wp","href":"https:\/\/api.w.org\/{rel}","templated":true}]}}